{"id":79,"date":"2020-12-17T17:23:19","date_gmt":"2020-12-17T17:23:19","guid":{"rendered":"http:\/\/europa-hcias.de\/?page_id=79"},"modified":"2024-09-18T08:29:36","modified_gmt":"2024-09-18T08:29:36","slug":"79-2","status":"publish","type":"page","link":"https:\/\/europa-hcias.de\/es\/","title":{"rendered":"Inicio"},"content":{"rendered":"<p>[et_pb_section fb_built=&#8221;1&#8243; _builder_version=&#8221;4.16&#8243; _module_preset=&#8221;default&#8221; background_image=&#8221;http:\/\/europa-hcias.de\/wp-content\/uploads\/2021\/02\/banner-map-oscuro-01-scaled.jpg&#8221; height=&#8221;260px&#8221; filter_saturate=&#8221;75%&#8221; global_colors_info=&#8221;{}&#8221;][et_pb_row column_structure=&#8221;1_2,1_2&#8243; _builder_version=&#8221;4.16&#8243; _module_preset=&#8221;default&#8221; global_colors_info=&#8221;{}&#8221;][et_pb_column type=&#8221;1_2&#8243; _builder_version=&#8221;4.16&#8243; _module_preset=&#8221;default&#8221; global_colors_info=&#8221;{}&#8221;][et_pb_text _builder_version=&#8221;4.16&#8243; _module_preset=&#8221;default&#8221; global_colors_info=&#8221;{}&#8221;]<\/p>\n<h3><span style=\"color: #ffffff;\">Proyecto Internacional<\/span><\/h3>\n<h3><span style=\"color: #ffffff;\">El Espa\u00f1ol en Europa<\/span><\/h3>\n<p><span style=\"color: #ffffff;\">Demograf\u00eda de los hablantes de una lengua<\/span><\/p>\n<p>[\/et_pb_text][\/et_pb_column][et_pb_column type=&#8221;1_2&#8243; _builder_version=&#8221;4.16&#8243; _module_preset=&#8221;default&#8221; global_colors_info=&#8221;{}&#8221;][\/et_pb_column][\/et_pb_row][\/et_pb_section][et_pb_section fb_built=&#8221;1&#8243; _builder_version=&#8221;4.16&#8243; _module_preset=&#8221;default&#8221; min_height=&#8221;262px&#8221; custom_margin=&#8221;||0px|||&#8221; custom_padding=&#8221;50px||0px|||&#8221; top_divider_color=&#8221;rgba(117,150,173,0.27)&#8221; global_colors_info=&#8221;{}&#8221;][et_pb_row column_structure=&#8221;2_3,1_3&#8243; _builder_version=&#8221;4.16&#8243; _module_preset=&#8221;default&#8221; background_enable_color=&#8221;off&#8221; global_colors_info=&#8221;{}&#8221;][et_pb_column type=&#8221;2_3&#8243; _builder_version=&#8221;4.16&#8243; _module_preset=&#8221;default&#8221; global_colors_info=&#8221;{}&#8221;][et_pb_text _builder_version=&#8221;4.16&#8243; _module_preset=&#8221;default&#8221; global_colors_info=&#8221;{}&#8221;]<\/p>\n<h4 style=\"text-align: justify;\">Presentaci\u00f3n<\/h4>\n<p style=\"text-align: justify;\" class=\" translation-block\">El Espa\u00f1ol en Europa es un proyecto interdisciplinar para el estudio de la realidad social de la lengua espa\u00f1ola en el viejo continente. Su objetivo es la descripci\u00f3n cuantitativa y cualitativa de la geograf\u00eda ling\u00fc\u00edstica y cultural del espa\u00f1ol y sus hablantes, con especial atenci\u00f3n a din\u00e1micas migratorias, demogr\u00e1ficas y educativas.  La demoling\u00fc\u00edstica desarrollada permite conocer los procesos de internacionalizaci\u00f3n del espa\u00f1ol y sirve de base emp\u00edrica para la planificaci\u00f3n ling\u00fc\u00edstica y cultural.<\/p>\n<p>[\/et_pb_text][\/et_pb_column][et_pb_column type=&#8221;1_3&#8243; _builder_version=&#8221;4.16&#8243; _module_preset=&#8221;default&#8221; background_enable_color=&#8221;off&#8221; global_colors_info=&#8221;{}&#8221;][et_pb_text _builder_version=&#8221;4.16&#8243; _module_preset=&#8221;default&#8221; global_colors_info=&#8221;{}&#8221;]<\/p>\n<h3>Novedades<\/h3>\n<p>[\/et_pb_text][et_pb_blurb icon_placement=&#8221;left&#8221; _builder_version=&#8221;4.25.2&#8243; _module_preset=&#8221;default&#8221; link_option_url=&#8221;https:\/\/cvc.cervantes.es\/lengua\/espanol_europa\/espanol_rumania\/default.htm&#8221; hover_enabled=&#8221;0&#8243; global_colors_info=&#8221;{}&#8221; sticky_enabled=&#8221;0&#8243;]<\/p>\n<p>Bleortu, C. et al. (2024):<em> &#8220;Demoling\u00fc\u00edstica del espa\u00f1ol en Ruman\u00eda, Bulgaria y Moldavia&#8221;<\/em>, Madrid: Instituto Cervantes.<\/p>\n<p>[\/et_pb_blurb][et_pb_blurb icon_placement=&#8221;left&#8221; _builder_version=&#8221;4.25.2&#8243; _module_preset=&#8221;default&#8221; hover_enabled=&#8221;0&#8243; global_colors_info=&#8221;{}&#8221; sticky_enabled=&#8221;0&#8243;]<\/p>\n<p>El proyecto El Espa\u00f1ol en Europa recibi\u00f3 el Premio de Hispanismo Internacional Fundaci\u00f3n Duques de Soria. M\u00e1s informaci\u00f3n <a href=\"https:\/\/www.uni-heidelberg.de\/en\/newsroom\/award-for-research-project-on-spanish-language-in-europe\">aqu\u00ed<\/a>.<\/p>\n<p>[\/et_pb_blurb][\/et_pb_column][\/et_pb_row][et_pb_row column_structure=&#8221;2_3,1_3&#8243; _builder_version=&#8221;4.16&#8243; _module_preset=&#8221;default&#8221; background_enable_color=&#8221;off&#8221; global_colors_info=&#8221;{}&#8221;][et_pb_column type=&#8221;2_3&#8243; _builder_version=&#8221;4.16&#8243; _module_preset=&#8221;default&#8221; global_colors_info=&#8221;{}&#8221;][et_pb_text _builder_version=&#8221;4.16&#8243; _module_preset=&#8221;default&#8221; global_colors_info=&#8221;{}&#8221;]<\/p>\n<p><strong>Direcci\u00f3n\u00a0<\/strong><a href=\"https:\/\/www.uni-heidelberg.de\/hcias\/\">Heidelberg Center for Ibero-American Studies<\/a>\u00a0(Heidelberg University) and the <a href=\"https:\/\/www.uzh.ch\/de.html\">Universidad de Z\u00farich<\/a><\/p>\n<p>[\/et_pb_text][et_pb_text _builder_version=&#8221;4.25.2&#8243; _module_preset=&#8221;default&#8221; custom_margin=&#8221;200px||||false|false&#8221; global_colors_info=&#8221;{}&#8221;]<\/p>\n<h4>Presentaci\u00f3n del libro &#8220;Demoling\u00fc\u00edstica del espa\u00f1ol en Ruman\u00eda, Bulgaria y Moldavia&#8221;<\/h4>\n<p>[\/et_pb_text][et_pb_video src=&#8221;https:\/\/www.youtube.com\/watch?v=RfCQl6Ns8RE&#038;t=75s&#8221; _builder_version=&#8221;4.25.2&#8243; _module_preset=&#8221;default&#8221; custom_margin=&#8221;0px||||false|false&#8221; global_colors_info=&#8221;{}&#8221;][\/et_pb_video][et_pb_text _builder_version=&#8221;4.25.2&#8243; _module_preset=&#8221;default&#8221; global_colors_info=&#8221;{}&#8221;]<\/p>\n<h4>Ver presentaciones de los vol\u00famenes publicados:<\/h4>\n<p><a href=\"https:\/\/www.youtube.com\/watch?v=cYNrVanSMs8\">&#8220;Demoling\u00fc\u00edstica del espa\u00f1ol en Portugal&#8221; (2022)<\/a><\/p>\n<p><a href=\"https:\/\/www.youtube.com\/watch?v=6NWsv8VUwdc\" target=\"_blank\" rel=\"noopener noreferrer\">&#8220;Demoling\u00fc\u00edstica del espa\u00f1ol en Suiza&#8221; (2022)<\/a><\/p>\n<p><a href=\"https:\/\/www.youtube.com\/watch?v=LoHTh4XFRxQ\" target=\"_blank\" rel=\"noopener noreferrer\">&#8220;Demoling\u00fc\u00edstica del espa\u00f1ol en Alemania&#8221; (2020)<\/a><\/p>\n<p>[\/et_pb_text][\/et_pb_column][et_pb_column type=&#8221;1_3&#8243; _builder_version=&#8221;4.16&#8243; _module_preset=&#8221;default&#8221; background_enable_color=&#8221;off&#8221; global_colors_info=&#8221;{}&#8221;][et_pb_text _builder_version=&#8221;4.25.2&#8243; _module_preset=&#8221;default&#8221; hover_enabled=&#8221;0&#8243; global_colors_info=&#8221;{}&#8221; sticky_enabled=&#8221;0&#8243;]<\/p>\n<p><strong>In collaboration with:<\/strong><\/p>\n<p>[\/et_pb_text][et_pb_image src=&#8221;http:\/\/europa-hcias.de\/wp-content\/uploads\/2021\/02\/logo-cervantes_25.jpg&#8221; title_text=&#8221;logo cervantes_25&#8243; _builder_version=&#8221;4.25.2&#8243; _module_preset=&#8221;default&#8221; hover_enabled=&#8221;0&#8243; global_colors_info=&#8221;{}&#8221; align=&#8221;center&#8221; sticky_enabled=&#8221;0&#8243; url=&#8221;https:\/\/www.cervantes.es\/default.htm&#8221;][\/et_pb_image][et_pb_divider color=&#8221;#222222&#8243; _builder_version=&#8221;4.16&#8243; _module_preset=&#8221;default&#8221; global_colors_info=&#8221;{}&#8221;][\/et_pb_divider][et_pb_text _builder_version=&#8221;4.16&#8243; _module_preset=&#8221;default&#8221; text_text_color=&#8221;#000000&#8243; custom_margin=&#8221;||0px||false|false&#8221; global_colors_info=&#8221;{}&#8221;]<\/p>\n<h4>Vol\u00famenes publicados<\/h4>\n<p>[\/et_pb_text][et_pb_slider _builder_version=&#8221;4.25.2&#8243; _module_preset=&#8221;default&#8221; background_color=&#8221;RGBA(0,0,0,0)&#8221; global_colors_info=&#8221;{}&#8221;][et_pb_slide heading=&#8221;Demoling\u00fc\u00edstica del espa\u00f1ol en Ruman\u00eda, Bulgaria y Moldavia (2024)&#8221; button_text=&#8221;Read&#8221; button_link=&#8221;https:\/\/cvc.cervantes.es\/lengua\/espanol_europa\/espanol_rumania\/default.htm&#8221; image=&#8221;http:\/\/europa-hcias.de\/wp-content\/uploads\/2024\/04\/BOCETO_demolinguistica_espanol_rbm.jpeg&#8221; _builder_version=&#8221;4.25.2&#8243; _module_preset=&#8221;default&#8221; background_color=&#8221;RGBA(0,0,0,0)&#8221; background_enable_color=&#8221;on&#8221; custom_button=&#8221;on&#8221; button_text_color=&#8221;#ffffff&#8221; button_bg_color=&#8221;#b5251c&#8221; button_border_color=&#8221;RGBA(255,255,255,0)&#8221; background_layout=&#8221;light&#8221; global_colors_info=&#8221;{}&#8221; sticky_transition=&#8221;on&#8221;][\/et_pb_slide][et_pb_slide heading=&#8221;Demoling\u00fc\u00edstica del espa\u00f1ol en Portugal (2022)&#8221; button_text=&#8221;Read&#8221; button_link=&#8221;https:\/\/cvc.cervantes.es\/lengua\/espanol_europa\/espanol_portugal\/default.htm&#8221; url_new_window=&#8221;on&#8221; image=&#8221;http:\/\/europa-hcias.de\/wp-content\/uploads\/2024\/04\/demolinguistica_espanol_portugal.jpeg&#8221; _builder_version=&#8221;4.25.2&#8243; _module_preset=&#8221;default&#8221; background_color=&#8221;RGBA(0,0,0,0)&#8221; background_enable_color=&#8221;on&#8221; custom_button=&#8221;on&#8221; button_text_color=&#8221;#ffffff&#8221; button_bg_color=&#8221;#b5152c&#8221; button_border_color=&#8221;RGBA(255,255,255,0)&#8221; button_use_icon=&#8221;on&#8221; button_icon=&#8221;&#x24;||divi||400&#8243; button_icon_color=&#8221;#FFFFFF&#8221; button_on_hover=&#8221;on&#8221; background_layout=&#8221;light&#8221; global_colors_info=&#8221;{}&#8221; sticky_transition=&#8221;on&#8221;][\/et_pb_slide][et_pb_slide heading=&#8221;El espa\u00f1ol en la Alemania precovid-19 (2022)&#8221; button_text=&#8221;Read&#8221; button_link=&#8221;https:\/\/cvc.cervantes.es\/lengua\/espanol_europa\/espanol_alemania_precovid\/default.htm&#8221; url_new_window=&#8221;on&#8221; image=&#8221;http:\/\/europa-hcias.de\/wp-content\/uploads\/2024\/04\/espanol_alemania_precovid.jpeg&#8221; _builder_version=&#8221;4.25.2&#8243; _module_preset=&#8221;default&#8221; background_color=&#8221;#FFFFFF&#8221; background_enable_color=&#8221;on&#8221; custom_button=&#8221;on&#8221; button_text_color=&#8221;#ffffff&#8221; button_bg_color=&#8221;#b5152c&#8221; button_border_color=&#8221;RGBA(255,255,255,0)&#8221; button_use_icon=&#8221;on&#8221; button_icon=&#8221;&#x24;||divi||400&#8243; button_icon_color=&#8221;#FFFFFF&#8221; button_on_hover=&#8221;on&#8221; background_layout=&#8221;light&#8221; global_colors_info=&#8221;{}&#8221; sticky_transition=&#8221;on&#8221;][\/et_pb_slide][et_pb_slide heading=&#8221;Demoling\u00fc\u00edstica del espa\u00f1ol en Alemania (2020)&#8221; button_text=&#8221;Read&#8221; button_link=&#8221;https:\/\/cvc.cervantes.es\/lengua\/espanol_europa\/espanol_alemania\/default.htm&#8221; url_new_window=&#8221;on&#8221; image=&#8221;http:\/\/europa-hcias.de\/wp-content\/uploads\/2024\/04\/demolinguistica_espanol_alemania.jpeg&#8221; _builder_version=&#8221;4.25.2&#8243; _module_preset=&#8221;default&#8221; background_color=&#8221;RGBA(0,0,0,0)&#8221; background_enable_color=&#8221;on&#8221; custom_button=&#8221;on&#8221; button_text_color=&#8221;#FFFFFF&#8221; button_bg_color=&#8221;#b5152c&#8221; button_border_color=&#8221;RGBA(255,255,255,0)&#8221; button_use_icon=&#8221;on&#8221; button_icon=&#8221;&#x24;||divi||400&#8243; button_on_hover=&#8221;on&#8221; background_layout=&#8221;light&#8221; global_colors_info=&#8221;{}&#8221; sticky_transition=&#8221;on&#8221;][\/et_pb_slide][et_pb_slide heading=&#8221;Demoling\u00fc\u00edstica del espa\u00f1ol en Suiza. Con un anexo sobre el espa\u00f1ol en Liechtenstein (2022)&#8221; button_text=&#8221;Read&#8221; button_link=&#8221;https:\/\/cvc.cervantes.es\/lengua\/espanol_europa\/espanol_suiza\/default.htm&#8221; url_new_window=&#8221;on&#8221; image=&#8221;http:\/\/europa-hcias.de\/wp-content\/uploads\/2024\/04\/demolinguistica_espanol_suiza.jpeg&#8221; _builder_version=&#8221;4.25.2&#8243; _module_preset=&#8221;default&#8221; background_color=&#8221;RGBA(0,0,0,0)&#8221; background_enable_color=&#8221;on&#8221; custom_button=&#8221;on&#8221; button_text_color=&#8221;#ffffff&#8221; button_bg_color=&#8221;#b5152c&#8221; button_border_color=&#8221;RGBA(255,255,255,0)&#8221; button_use_icon=&#8221;on&#8221; button_icon=&#8221;&#x24;||divi||400&#8243; button_icon_color=&#8221;#FFFFFF&#8221; button_on_hover=&#8221;on&#8221; background_layout=&#8221;light&#8221; global_colors_info=&#8221;{}&#8221; sticky_transition=&#8221;on&#8221;][\/et_pb_slide][et_pb_slide heading=&#8221;Demoling\u00fc\u00edstica del espa\u00f1ol en Italia. Con un anexo sobre el espa\u00f1ol en San Marino, Malta y Ciudad del Vaticano (en prensa)&#8221; image=&#8221;http:\/\/europa-hcias.de\/wp-content\/uploads\/2024\/04\/BOCETO_demolinguistica_espanol_italia.jpeg&#8221; _builder_version=&#8221;4.16&#8243; _module_preset=&#8221;default&#8221; background_color=&#8221;RGBA(0,0,0,0)&#8221; background_enable_color=&#8221;on&#8221; background_layout=&#8221;light&#8221; global_colors_info=&#8221;{}&#8221; sticky_transition=&#8221;on&#8221;][\/et_pb_slide][\/et_pb_slider][\/et_pb_column][\/et_pb_row][et_pb_row _builder_version=&#8221;4.16&#8243; _module_preset=&#8221;default&#8221; global_colors_info=&#8221;{}&#8221;][et_pb_column type=&#8221;4_4&#8243; _builder_version=&#8221;4.16&#8243; _module_preset=&#8221;default&#8221; global_colors_info=&#8221;{}&#8221;][et_pb_image src=&#8221;http:\/\/europa-hcias.de\/wp-content\/uploads\/2021\/02\/logos-unis-100-01.jpg&#8221; title_text=&#8221;logos unis 100-01&#8243; _builder_version=&#8221;4.16&#8243; _module_preset=&#8221;default&#8221; custom_padding=&#8221;0px|||||&#8221; global_colors_info=&#8221;{}&#8221;][\/et_pb_image][\/et_pb_column][\/et_pb_row][et_pb_row _builder_version=&#8221;4.16&#8243; _module_preset=&#8221;default&#8221; global_colors_info=&#8221;{}&#8221;][et_pb_column type=&#8221;4_4&#8243; _builder_version=&#8221;4.16&#8243; _module_preset=&#8221;default&#8221; global_colors_info=&#8221;{}&#8221;][et_pb_text _builder_version=&#8221;4.16&#8243; _module_preset=&#8221;default&#8221; custom_margin=&#8221;0px||-60px||false|false&#8221; global_colors_info=&#8221;{}&#8221;]<\/p>\n<p><strong>Centros colaboradores<\/strong><\/p>\n<p>[\/et_pb_text][\/et_pb_column][\/et_pb_row][et_pb_row column_structure=&#8221;1_4,1_4,1_4,1_4&#8243; _builder_version=&#8221;4.25.2&#8243; _module_preset=&#8221;default&#8221; width=&#8221;85%&#8221; custom_margin=&#8221;-20px||||false|false&#8221; global_colors_info=&#8221;{}&#8221;][et_pb_column type=&#8221;1_4&#8243; _builder_version=&#8221;4.16&#8243; _module_preset=&#8221;default&#8221; global_colors_info=&#8221;{}&#8221;][et_pb_text _builder_version=&#8221;4.25.2&#8243; _module_preset=&#8221;default&#8221; text_font_size=&#8221;11px&#8221; global_colors_info=&#8221;{}&#8221;]<\/p>\n<p><a href=\"https:\/\/international.au.dk\/\">Universidad de Aarhus<\/a> DK<br \/><a href=\"https:\/\/en.uoa.gr\/\">Universidad de Atenas<\/a> GR<br \/><a href=\"http:\/\/www.bg.ac.rs\/\">Universidad de Belgrado\u00a0<\/a>RS\u00a0\u00a0\u00a0\u00a0 \u00a0\u00a0 \u00a0\u00a0\u00a0\u00a0\u00a0\u00a0\u00a0\u00a0\u00a0\u00a0\u00a0\u00a0 <a href=\"https:\/\/en.bntu.by\/\">Belarusian National Technical University\u00a0<\/a>BLR<br \/><a href=\"https:\/\/unibuc.ro\/\">Universidad de Bucarest<\/a> RO<br \/><a href=\"https:\/\/uniba.sk\/\">Universidad Comenius de Bratislava<\/a> SK<br \/><a href=\"https:\/\/www.ku.dk\/english\/\">Universidad de Copenhague<\/a> DK\u00a0\u00a0\u00a0\u00a0\u00a0\u00a0\u00a0\u00a0\u00a0\u00a0\u00a0\u00a0\u00a0\u00a0\u00a0\u00a0\u00a0\u00a0\u00a0 <a href=\"https:\/\/www.google.com\/url?sa=t&amp;source=web&amp;cd=&amp;cad=rja&amp;uact=8&amp;ved=2ahUKEwini4fkwtDxAhVsg_0HHVnfCygQFjAAegQIBhAD&amp;url=https%3A%2F%2Fwww.ucc.ie%2Fde%2F&amp;usg=AOvVaw27JDZ2z9SKeOvnw2dv6JpJ\">Universidad Colegio Cork<\/a> IE<br \/><a href=\"http:\/\/www.ysu.am\/main\/\">Universidad Estatal de Erev\u00e1n<\/a> AM<br \/><a href=\"https:\/\/www.su.se\/cmlink\/stockholm-university\">Universidad de Estocolmo\u00a0<\/a>SE\u00a0\u00a0\u00a0\u00a0\u00a0\u00a0\u00a0\u00a0\u00a0\u00a0\u00a0\u00a0\u00a0 \u00a0 \u00a0\u00a0\u00a0\u00a0\u00a0\u00a0\u00a0\u00a0\u00a0 \u00a0 <a href=\"https:\/\/www.nmu.org.ua\/en\/\">Universidad T\u00e9cnica Nacional Dnipro<\/a> UA<\/p>\n<p>[\/et_pb_text][\/et_pb_column][et_pb_column type=&#8221;1_4&#8243; _builder_version=&#8221;4.16&#8243; _module_preset=&#8221;default&#8221; global_colors_info=&#8221;{}&#8221;][et_pb_text _builder_version=&#8221;4.25.2&#8243; _module_preset=&#8221;default&#8221; text_font_size=&#8221;11px&#8221; min_height=&#8221;266px&#8221; global_colors_info=&#8221;{}&#8221;]<\/p>\n<p><a href=\"https:\/\/www.google.com\/url?sa=t&amp;rct=j&amp;q=&amp;esrc=s&amp;source=web&amp;cd=&amp;cad=rja&amp;uact=8&amp;ved=2ahUKEwjnmoa5wtDxAhVyh_0HHX3VD7sQFjAAegQIBRAD&amp;url=https%3A%2F%2Fwww.ed.ac.uk%2F&amp;usg=AOvVaw2VQo0DyXjwbpEfEkJgzXXf\">Universidad de Edimburgo<\/a> UK \u00a0 \u00a0 \u00a0 \u00a0 \u00a0 \u00a0 \u00a0 \u00a0 \u00a0 <a href=\"https:\/\/www.google.com\/url?sa=t&amp;rct=j&amp;q=&amp;esrc=s&amp;source=web&amp;cd=&amp;cad=rja&amp;uact=8&amp;ved=2ahUKEwiP54zhwNDxAhUshf0HHbZOCGwQFjAAegQICBAD&amp;url=https%3A%2F%2Fwww.unige.ch%2Fen%2Funiversity%2F&amp;usg=AOvVaw0ctajLoQQAXxyHFjUU4uMx\">Universidad de Ginebra <\/a>CH\u00a0\u00a0<a href=\"https:\/\/www.google.com\/url?sa=t&amp;rct=j&amp;q=&amp;esrc=s&amp;source=web&amp;cd=&amp;cad=rja&amp;uact=8&amp;ved=2ahUKEwiP54zhwNDxAhUshf0HHbZOCGwQFjAAegQICBAD&amp;url=https%3A%2F%2Fwww.unige.ch%2Fen%2Funiversity%2F&amp;usg=AOvVaw0ctajLoQQAXxyHFjUU4uMx\">\u00a0\u00a0\u00a0\u00a0\u00a0\u00a0\u00a0\u00a0\u00a0\u00a0\u00a0\u00a0\u00a0\u00a0\u00a0\u00a0\u00a0 University<\/a> <a href=\"https:\/\/www.eap.gr\/\">Universidad Abierta de Grecia<\/a> GR<br \/><a href=\"https:\/\/www.gu.se\/en\">Universidad de Gotemburgo<\/a> SE<br \/><a href=\"https:\/\/english.hi.is\/university_of_iceland\">Universidad de Islandia<\/a> IS<br \/><a href=\"https:\/\/www.uninsubria.eu\/\">Universidad de Insubria<\/a> IT<br \/><a href=\"https:\/\/www.uj.edu.pl\/\">Universidad Jagel\u00f3nica de Cracovia<\/a> PL<br \/><a href=\"http:\/\/www.univ.kiev.ua\/en\/\">Universidad de Kiev<\/a> UA<br \/><a href=\"https:\/\/lka.edu.lv\/en\/\">Academia de Cultura de Letonia<\/a> LV<br \/><a href=\"https:\/\/www.kuleuven.be\/english\/\">Universidad KU Leuven<\/a> BE<br \/><a href=\"https:\/\/www.ulisboa.pt\/\">Universidad de Lisboa<\/a> PT<\/p>\n<p>[\/et_pb_text][\/et_pb_column][et_pb_column type=&#8221;1_4&#8243; _builder_version=&#8221;4.16&#8243; _module_preset=&#8221;default&#8221; global_colors_info=&#8221;{}&#8221;][et_pb_text _builder_version=&#8221;4.25.2&#8243; _module_preset=&#8221;default&#8221; text_font_size=&#8221;11px&#8221; global_colors_info=&#8221;{}&#8221;]<\/p>\n<p><a href=\"https:\/\/www.uni-lj.si\/\">Universidad de Liubliana<\/a> SI<br \/><a href=\"https:\/\/welcome.univ-lorraine.fr\/de\/\">Universidad de Lorena<\/a> FR<br \/><a href=\"https:\/\/es.bsnu.com.ua\/\">U. Nacional del Mar Negro Petro Mohyla\u00a0<\/a>UA<br \/><a href=\"https:\/\/www.unimi.it\/en\">Universidad de Mil\u00e1n<\/a> IT<br \/><a href=\"http:\/\/usm.md\/\">Universidad Estatal de Moldova<\/a> MD<br \/><a href=\"https:\/\/linguanet.ru\/\">Universidad Estatal Ling\u00fc\u00edstica de Mosc\u00fa<\/a> RU<br \/><a href=\"https:\/\/uwcmostar.ba\/\">Colegio del Mundo Unido en Mostar<\/a> BA<br \/><a href=\"https:\/\/www.unav.edu\/\">Universidad de Navarra<\/a> SP<br \/><a href=\"https:\/\/www.uio.no\/english\/\">Universidad de Oslo\u00a0<\/a>NO\u00a0\u00a0\u00a0\u00a0\u00a0\u00a0\u00a0\u00a0\u00a0\u00a0\u00a0 \u00a0 \u00a0\u00a0\u00a0\u00a0\u00a0\u00a0\u00a0\u00a0\u00a0\u00a0\u00a0\u00a0\u00a0\u00a0\u00a0\u00a0\u00a0\u00a0\u00a0\u00a0 <a href=\"https:\/\/www.google.com\/url?sa=t&amp;rct=j&amp;q=&amp;esrc=s&amp;source=web&amp;cd=&amp;cad=rja&amp;uact=8&amp;ved=2ahUKEwjllLbRwdDxAhWQ_rsIHZ_4AE8QFjAAegQIBRAD&amp;url=https%3A%2F%2Fwww.open.ac.uk%2F&amp;usg=AOvVaw0SNAhjj6kvLeaN0MvN3Pca\">Universidad Abierta<\/a> UK\u00a0 \u00a0 \u00a0 \u00a0 \u00a0 \u00a0 \u00a0 \u00a0 \u00a0 \u00a0 <a href=\"https:\/\/www.ox.ac.uk\/\">Universidad de Oxford <\/a>UK<a href=\"https:\/\/www.google.com\/url?sa=t&amp;rct=j&amp;q=&amp;esrc=s&amp;source=web&amp;cd=&amp;cad=rja&amp;uact=8&amp;ved=2ahUKEwjjgcOBw9DxAhVyh_0HHX3VD7sQFjAAegQICRAD&amp;url=https%3A%2F%2Fwww.tuni.fi%2Fen&amp;usg=AOvVaw0lC6yHRnfED9B-rbixBWq7\">\u00a0\u00a0\u00a0\u00a0\u00a0\u00a0\u00a0\u00a0\u00a0\u00a0\u00a0\u00a0\u00a0\u00a0\u00a0\u00a0\u00a0\u00a0\u00a0\u00a0\u00a0\u00a0\u00a0\u00a0 <\/a><\/p>\n<p>[\/et_pb_text][\/et_pb_column][et_pb_column type=&#8221;1_4&#8243; _builder_version=&#8221;4.16&#8243; _module_preset=&#8221;default&#8221; global_colors_info=&#8221;{}&#8221;][et_pb_text _builder_version=&#8221;4.25.2&#8243; _module_preset=&#8221;default&#8221; text_font_size=&#8221;11px&#8221; custom_padding=&#8221;||6px|||&#8221; global_colors_info=&#8221;{}&#8221;]<\/p>\n<p><a href=\"https:\/\/www.ox.ac.uk\/\"><\/a><a href=\"https:\/\/www.google.com\/url?sa=t&amp;rct=j&amp;q=&amp;esrc=s&amp;source=web&amp;cd=&amp;cad=rja&amp;uact=8&amp;ved=2ahUKEwjjgcOBw9DxAhVyh_0HHX3VD7sQFjAAegQICRAD&amp;url=https%3A%2F%2Fwww.tuni.fi%2Fen&amp;usg=AOvVaw0lC6yHRnfED9B-rbixBWq7\">Tampere University<\/a> FI\u00a0 \u00a0 \u00a0 \u00a0 \u00a0 \u00a0 \u00a0 \u00a0 \u00a0 \u00a0 \u00a0 \u00a0\u00a0\u00a0\u00a0\u00a0\u00a0\u00a0\u00a0 <a href=\"https:\/\/en.wikipedia.org\/wiki\/Tbilisi_State_University\">Universidad Estatal de Tiflis<\/a> GE<br \/><a href=\"https:\/\/unitir.edu.al\/eng\/\">Universidad de Tirana<\/a> AL<br \/><a href=\"https:\/\/en.univ-toulouse.fr\/\">Universidad de Toulouse<\/a> FR<br \/><a href=\"https:\/\/www.unsa.ba\/en\">Universidad de Sarajevo<\/a> BA\u00a0\u00a0\u00a0\u00a0\u00a0\u00a0\u00a0\u00a0\u00a0\u00a0\u00a0\u00a0\u00a0\u00a0\u00a0\u00a0\u00a0\u00a0\u00a0\u00a0\u00a0\u00a0\u00a0\u00a0\u00a0\u00a0\u00a0\u00a0\u00a0 <a href=\"http:\/\/english.us.edu.pl\/\">Universidad de Silesia<\/a> PL\u00a0 \u00a0 \u00a0 \u00a0 \u00a0 \u00a0 \u00a0 \u00a0 \u00a0 \u00a0 \u00a0 <a href=\"https:\/\/www.jcu.cz\/cz\/\">University of South Bohemia in \u010cesk\u00e9 Bud\u011bjovice<\/a> CZ<br \/><a href=\"https:\/\/www.uni-sofia.bg\/\">Universidad de Sofia<\/a> BG<br \/><a href=\"http:\/\/www.ukim.edu.mk\/\">U. Santos Cirilo y Metodio de Skopje<\/a> MK\u00a0 \u00a0 \u00a0 <a href=\"https:\/\/usv.ro\/\">Universidad \u0218tefan cel Mare de Suceava<\/a> RO<br \/><a href=\"https:\/\/u-szeged.hu\/\">Universidad de Szeged<\/a> HU\u00a0\u00a0\u00a0\u00a0\u00a0 \u00a0 \u00a0 \u00a0\u00a0<a href=\"https:\/\/www.vdu.lt\/en\/\"> \u00a0 \u00a0 \u00a0 \u00a0\u00a0 <\/a><\/p>\n<p>[\/et_pb_text][\/et_pb_column][\/et_pb_row][\/et_pb_section][et_pb_section fb_built=&#8221;1&#8243; _builder_version=&#8221;4.16&#8243; _module_preset=&#8221;default&#8221; background_color=&#8221;#000000&#8243; height=&#8221;240px&#8221; global_colors_info=&#8221;{}&#8221;][et_pb_row _builder_version=&#8221;4.16&#8243; _module_preset=&#8221;default&#8221; global_colors_info=&#8221;{}&#8221;][et_pb_column type=&#8221;4_4&#8243; _builder_version=&#8221;4.16&#8243; _module_preset=&#8221;default&#8221; global_colors_info=&#8221;{}&#8221;][et_pb_text _builder_version=&#8221;4.16&#8243; _module_preset=&#8221;default&#8221; background_color=&#8221;RGBA(0,0,0,0)&#8221; global_colors_info=&#8221;{}&#8221;]<\/p>\n<p><span style=\"color: #ffffff;\">Contacto<\/span><\/p>\n<p><span style=\"color: #ffffff;\">Heidelberg Center for Ibero-American Studies<\/span><br \/> <span style=\"color: #ffffff;\"> Brunnengasse 1<\/span><br \/> <span style=\"color: #ffffff;\"> 69117 Heidelberg<\/span><\/p>\n<p><span style=\"color: #ffffff;\">spanish@europa-hcias.de<\/span><span><\/span><\/p>\n<p><span><\/span><\/p>\n<p>[\/et_pb_text][\/et_pb_column][\/et_pb_row][\/et_pb_section]<\/p>","protected":false},"excerpt":{"rendered":"<p>International Project Spanish in Europe Demography of the speakers of a languageIntroduction The interdisciplinary research project Spanish in Europe analyses the Spanish language in the old continent. It aims to provide a quantitative and qualitative description of the linguistic and cultural geography of Spanish and its speakers with a specific focus on the dynamics of [&hellip;]<\/p>","protected":false},"author":1,"featured_media":0,"parent":0,"menu_order":0,"comment_status":"closed","ping_status":"closed","template":"","meta":{"_et_pb_use_builder":"on","_et_pb_old_content":"<!-- wp:divi\/placeholder \/-->","_et_gb_content_width":"","footnotes":""},"class_list":["post-79","page","type-page","status-publish","hentry"],"_links":{"self":[{"href":"https:\/\/europa-hcias.de\/es\/wp-json\/wp\/v2\/pages\/79","targetHints":{"allow":["GET"]}}],"collection":[{"href":"https:\/\/europa-hcias.de\/es\/wp-json\/wp\/v2\/pages"}],"about":[{"href":"https:\/\/europa-hcias.de\/es\/wp-json\/wp\/v2\/types\/page"}],"author":[{"embeddable":true,"href":"https:\/\/europa-hcias.de\/es\/wp-json\/wp\/v2\/users\/1"}],"replies":[{"embeddable":true,"href":"https:\/\/europa-hcias.de\/es\/wp-json\/wp\/v2\/comments?post=79"}],"version-history":[{"count":9,"href":"https:\/\/europa-hcias.de\/es\/wp-json\/wp\/v2\/pages\/79\/revisions"}],"predecessor-version":[{"id":663,"href":"https:\/\/europa-hcias.de\/es\/wp-json\/wp\/v2\/pages\/79\/revisions\/663"}],"wp:attachment":[{"href":"https:\/\/europa-hcias.de\/es\/wp-json\/wp\/v2\/media?parent=79"}],"curies":[{"name":"wp","href":"https:\/\/api.w.org\/{rel}","templated":true}]}}