{"id":94,"date":"2020-12-17T17:51:41","date_gmt":"2020-12-17T17:51:41","guid":{"rendered":"http:\/\/europa-hcias.de\/?page_id=94"},"modified":"2024-09-13T07:25:37","modified_gmt":"2024-09-13T07:25:37","slug":"94-2","status":"publish","type":"page","link":"https:\/\/europa-hcias.de\/es\/94-2\/","title":{"rendered":"Equipos"},"content":{"rendered":"<p>[et_pb_section fb_built=&#8221;1&#8243; _builder_version=&#8221;4.9.0&#8243; _module_preset=&#8221;default&#8221; background_image=&#8221;http:\/\/europa-hcias.de\/wp-content\/uploads\/2021\/02\/banner-map-oscuro-01-scaled.jpg&#8221; height=&#8221;260px&#8221; custom_padding=&#8221;70px|||||&#8221; filter_saturate=&#8221;75%&#8221;][et_pb_row column_structure=&#8221;1_2,1_2&#8243; _builder_version=&#8221;4.7.7&#8243; _module_preset=&#8221;default&#8221;][et_pb_column type=&#8221;1_2&#8243; _builder_version=&#8221;4.7.7&#8243; _module_preset=&#8221;default&#8221;][et_pb_text _builder_version=&#8221;4.9.0&#8243; _module_preset=&#8221;default&#8221;]<\/p>\n<h3><span style=\"color: #ffffff;\">Red de investigaci\u00f3n<\/span><\/h3>\n<p>[\/et_pb_text][\/et_pb_column][et_pb_column type=&#8221;1_2&#8243; _builder_version=&#8221;4.7.7&#8243; _module_preset=&#8221;default&#8221;][\/et_pb_column][\/et_pb_row][\/et_pb_section][et_pb_section fb_built=&#8221;1&#8243; _builder_version=&#8221;4.7.7&#8243; _module_preset=&#8221;default&#8221;][et_pb_row _builder_version=&#8221;4.7.7&#8243; _module_preset=&#8221;default&#8221; min_height=&#8221;66px&#8221; custom_margin=&#8221;0px||0px||false|false&#8221;][et_pb_column type=&#8221;4_4&#8243; _builder_version=&#8221;4.7.7&#8243; _module_preset=&#8221;default&#8221;][et_pb_text _builder_version=&#8221;4.9.0&#8243; _module_preset=&#8221;default&#8221; min_height=&#8221;67px&#8221; custom_margin=&#8221;||-2px|||&#8221;]<\/p>\n<h4 style=\"text-align: justify;\"><strong>Red internacional<\/strong><\/h4>\n<p style=\"text-align: justify;\">El proyecto\u00a0<em>El Espa\u00f1ol en Europa<\/em>\u00a0es una red internacional, interdisciplinaria y colaborativa integrada por 11 equipos de investigaci\u00f3n distribuidos en 49 pa\u00edses, en los que colaboran m\u00e1s de 70 investigadores. La colaboraci\u00f3n cient\u00edfica permite el an\u00e1lisis de la realidad demoling\u00fc\u00edstica del espa\u00f1ol en Europa y, por primera vez, una descripci\u00f3n cuantitativa de los espacios del espa\u00f1ol y sus hablantes en el conjunto del continente<\/p>\n<p>[\/et_pb_text][\/et_pb_column][\/et_pb_row][et_pb_row _builder_version=&#8221;4.9.0&#8243; _module_preset=&#8221;default&#8221;][et_pb_column type=&#8221;4_4&#8243; _builder_version=&#8221;4.9.0&#8243; _module_preset=&#8221;default&#8221;][et_pb_text _builder_version=&#8221;4.9.0&#8243; _module_preset=&#8221;default&#8221;]<\/p>\n<p><strong>Directores<\/strong><\/p>\n<p><a href=\"https:\/\/www.uni-heidelberg.de\/hcias\/francisco_moreno_index.html\">Francisco Moreno Fern\u00e1ndez<\/a>, Heidelberg Center for Ibero-American Studies,\u00a0<em>Universidad de Heidelberg<br \/> <\/em><a href=\"https:\/\/www.uni-heidelberg.de\/hcias\/oscar_loureda_index.html\">\u00d3scar Loureda<\/a>, Heidelberg Center for Ibero-American Studies, <em>Universidad de Heidelberg<\/em><em><br \/> <\/em><a href=\"https:\/\/www.rose.uzh.ch\/de\/seminar\/wersindwir\/mitarbeitende\/kabatek.html\">Johannes Kabatek<\/a>, Romanisches Seminar, <i>Universidad de Z\u00farich<\/i><br \/> <a href=\"https:\/\/www.hcias.uni-heidelberg.de\/de\/ueber-uns\/personen-a-z\/dr-hector-alvarez-mella\">H\u00e9ctor \u00c1lvarez Mella<\/a>, Heidelberg Center for Ibero-American Studies, <i>Universidad de Heidelberg<\/i><\/p>\n<p><i><\/i><\/p>\n<p><i><\/i><\/p>\n<p>[\/et_pb_text][\/et_pb_column][\/et_pb_row][et_pb_row _builder_version=&#8221;4.9.0&#8243; _module_preset=&#8221;default&#8221;][et_pb_column type=&#8221;4_4&#8243; _builder_version=&#8221;4.9.0&#8243; _module_preset=&#8221;default&#8221;][et_pb_text _builder_version=&#8221;4.9.0&#8243; _module_preset=&#8221;default&#8221;]<\/p>\n<p><strong>Equipos de investigaci\u00f3n seg\u00fan \u00e1reas geogr\u00e1ficas<\/strong><\/p>\n<p>[\/et_pb_text][\/et_pb_column][\/et_pb_row][et_pb_row _builder_version=&#8221;4.9.0&#8243; _module_preset=&#8221;default&#8221;][et_pb_column type=&#8221;4_4&#8243; _builder_version=&#8221;4.9.0&#8243; _module_preset=&#8221;default&#8221;][et_pb_blurb use_icon=&#8221;on&#8221; font_icon=&#8221;%%259%%&#8221; icon_color=&#8221;#0C71C3&#8243; icon_placement=&#8221;left&#8221; content_max_width=&#8221;1100px&#8221; _builder_version=&#8221;4.9.0&#8243; _module_preset=&#8221;default&#8221; module_alignment=&#8221;left&#8221;]<\/p>\n<p><b>Alemania<\/b><\/p>\n<p><span style=\"font-size: 14px;\"><\/span><a href=\"https:\/\/www.uni-heidelberg.de\/hcias\/oscar_loureda_index_EN.html\">\u00d3scar Loureda<\/a>\u00a0(Universidad de Heidelberg);\u00a0<a href=\"https:\/\/www.uni-heidelberg.de\/hcias\/francisco_moreno.html\">Francisco Moreno-Fern\u00e1ndez<\/a>\u00a0(Universidad de Heidelberg);\u00a0<a href=\"https:\/\/www.researchgate.net\/profile\/Hector-Alvarez-Mella\">H\u00e9ctor \u00c1lvarez Mella<\/a> (Heidelberg University); \u00a0David Scheffler (Heidelberg University); <a href=\"https:\/\/www.hcias.uni-heidelberg.de\/de\/ueber-uns\/personen-a-z\/charlotte-blattner\">Charlotte Blattner<\/a> (Universidad de Heidelberg); <a href=\"https:\/\/www.hcias.uni-heidelberg.de\/de\/studium-und-promotion\/hcias-research-training-group\/hcias-doctoral-research-group\/ana-gomez-pavon-duran\">Ana G\u00f3mez-Pav\u00f3n Dur\u00e1n<\/a> (Heidelberg University)<\/p>\n<p><span><\/span><\/p>\n<p>[\/et_pb_blurb][et_pb_blurb use_icon=&#8221;on&#8221; font_icon=&#8221;%%259%%&#8221; icon_color=&#8221;#0C71C3&#8243; icon_placement=&#8221;left&#8221; content_max_width=&#8221;1100px&#8221; _builder_version=&#8221;4.9.0&#8243; _module_preset=&#8221;default&#8221; module_alignment=&#8221;left&#8221;]<\/p>\n<p><b>Benelux<\/b><\/p>\n<p><span style=\"font-size: 14px;\"><\/span><a href=\"https:\/\/www.arts.kuleuven.be\/ling\/func-test\/func-members\/00016923\" style=\"font-size: 14px;\">Bert Cornillie<\/a><span style=\"font-size: 14px;\">\u00a0(KU Leuven) (coord.); <a href=\"\/es\/leonor.selvaortiz@student.kuleuven.be\/\">Leonor Selva Ortiz<\/a> (Universidad KU Leuven)<br \/><\/span><\/p>\n<p><span><\/span><\/p>\n<p>[\/et_pb_blurb][et_pb_blurb use_icon=&#8221;on&#8221; font_icon=&#8221;%%259%%&#8221; icon_color=&#8221;#0C71C3&#8243; icon_placement=&#8221;left&#8221; content_max_width=&#8221;1100px&#8221; _builder_version=&#8221;4.9.0&#8243; _module_preset=&#8221;default&#8221; module_alignment=&#8221;left&#8221;]<\/p>\n<p><strong>Centroeuropa<\/strong><\/p>\n<p><a href=\"https:\/\/doktori.hu\/index.php?menuid=192&amp;lang=EN&amp;sz_ID=9248\">Tibor Berta<\/a> (University of Szeged)<span style=\"font-size: 14px;\">;<\/span><span><\/span><span style=\"font-size: 14px;\"><\/span><span style=\"font-size: 14px;\"> <\/span><span style=\"font-size: 14px;\"><a href=\"https:\/\/www.fedu.uniba.sk\/sucasti\/katedry\/romanistika\/personalne-obsadenie-profesores-enseignants-insegnanti\/phdr-maria-medveczka-phd\/\">M\u00e1ria Medveczk\u00e1\u00a0<\/a>(U. Comenius de Bratislava)<\/span><span style=\"font-size: 14px;\">;\u00a0<\/span><span style=\"font-size: 14px;\"><a href=\"https:\/\/www.fedu.uniba.sk\/sucasti\/katedry\/romanistika\/personalne-obsadenie-profesores-enseignants-insegnanti\/mgr-radana-strbakova-phd\/\">Radana \u0160trb\u00e1kov\u00e1<\/a>\u00a0(U. Comenius de Bratislava)<\/span><span style=\"font-size: 14px;\">;\u00a0<a href=\"https:\/\/www.uj.edu.pl\/\">Andrej Zielinski<\/a>\u00a0(U. Jagel\u00f3nica de Cracovia) (coord.); <a href=\"http:\/\/romanistyka.us.edu.pl\/o-instytucie\/struktura-instytutu\/41-zaklad-hispanistyki\/171-dr-cecylia-tatoj.html\">Cecylia Tatoj<\/a> (University of Silesia); <a href=\"https:\/\/old.ff.jcu.cz\/ustavy\/uro\/personalni-slozeni\/phdr-jana-peskova-ph-d\">Jana Peskova<\/a> (University of South Bohemia in \u010cesk\u00e9 Bud\u011bjovice) <\/span><span style=\"font-size: 14px;\"><\/span><\/p>\n<p>[\/et_pb_blurb][et_pb_blurb use_icon=&#8221;on&#8221; font_icon=&#8221;%%259%%&#8221; icon_color=&#8221;#0C71C3&#8243; icon_placement=&#8221;left&#8221; content_max_width=&#8221;1100px&#8221; _builder_version=&#8221;4.9.0&#8243; _module_preset=&#8221;default&#8221; module_alignment=&#8221;left&#8221; hover_enabled=&#8221;0&#8243; sticky_enabled=&#8221;0&#8243;]<\/p>\n<p><strong>\u00a0Europa Meridional<\/strong><\/p>\n<p><span lang=\"ES\"><span><a href=\"https:\/\/www.ff.uni-lj.si\/en\/staff\/barbara-pihler-ciglic\">Barbara Pihler Cigli\u0107<\/a> (University of Ljubljana) (coord.);<\/span><\/span><span lang=\"ES\">\u00a0<span><a href=\"https:\/\/www.rose.uzh.ch\/de\/seminar\/wersindwir\/mitarbeitende\/bleortu.html\">Cristina Bleortu<\/a> (Universidad \u0218tefan cel Mare de Suceava)<\/span>\u00a0<a href=\"https:\/\/unibuc.ro\/user\/paul.buzila\/\">Paul Buzil\u0103<\/a> (Universidad de Bucarest); <\/span><span><a href=\"https:\/\/www.uvt.ro\/ro\/\">Ilinca Ilian<\/a> (U. de Oeste de Timisoara);\u00a0<\/span><span lang=\"ES\"><a href=\"http:\/\/www.bg.ac.rs\/\">Ana Jovanovi\u0107\u00a0<\/a>(Universidad de Belgrado);\u00a0\u00a0<a href=\"https:\/\/www.ff.uni-lj.si\/en\/staff\/marjana-sifrar-kalan\">Marjana Sifrar Kalan\u00a0<\/a>(Universidad de Liubliana);\u00a0<a href=\"https:\/\/his.unizd.hr\/nastavnici\/marko-kapovic\">Marko Kapovi\u0107<\/a><b><i>\u00a0<\/i><\/b>(Universidad de Zadar);\u00a0<o:p><\/o:p><\/span><span lang=\"ES\"><a href=\"https:\/\/www.researchgate.net\/profile\/Ioannis-Kioridis\">Ioannis Kioridis<\/a> (Universidad de Belgrado);\u00a0<o:p><\/o:p><\/span><span lang=\"ES\"><a href=\"https:\/\/ff.udg.edu.me\/predavaci\/biografija\/28-ivana-kova%C4%8D-barett\">Ivana Kova\u0107 Barett<\/a>\u00a0(Universidad Donja Gorica);\u00a0<o:p><\/o:p><\/span><span lang=\"ES\"><a href=\"http:\/\/www.bg.ac.rs\/\">Jelena Kova\u0107<\/a> (Universidad de Belgrado); <\/span><span lang=\"ES\"><a href=\"https:\/\/www.researchgate.net\/profile\/Dora-Mancheva\/2\">Dora Mancheva<\/a> (Universidad de Ginebra y Universidad de Sof\u00eda);<\/span><span style=\"font-size: 14px;\" lang=\"ES\"><span lang=\"ES\"><\/span> Milena Marinkova; <o:p><\/o:p><\/span><span style=\"font-size: 14px;\" lang=\"ES\"><a href=\"https:\/\/www.uoa.gr\/\">Kiriak\u00ed Palapanidi<\/a>\u00a0(Universidad de Atenas);\u00a0<\/span><span style=\"font-size: 14px;\" lang=\"ES\"><a href=\"http:\/\/www.ukim.edu.mk\/\">Igor Popovski<\/a>\u00a0(U. Santos Cirilo y Metodio de Skopje);\u00a0<a href=\"https:\/\/www.researchgate.net\/profile\/Anastasi-Prodani\">Anastasi Prodani<\/a> (Universidad de Tirana);\u00a0<\/span>Angela Rosca (Moldova State University);<span style=\"font-size: 14px;\" lang=\"ES\"><strong>\u00a0<\/strong>\u00a0<a href=\"http:\/\/www.ff.unsa.ba\/index.php\/en\/component\/contact\/contact\/638-dr-edina-spahic\">Edina Spahi\u0107<\/a> (Universidad de Sarajevo);\u00a0\u00a0<a href=\"https:\/\/uaic.academia.edu\/AlinaTitei\">Alina Titei<\/a> (Alexandru Ioan Cuza University of Ia\u0219i);\u00a0<o:p><\/o:p><\/span><span style=\"font-size: 14px;\" lang=\"ES\"><a href=\"https:\/\/uwcmostar.ba\/who-we-are\/current-staff\/\">Ivana Ustamuji\u0107<\/a> (Colegio del Mundo Unido en Mostar);\u00a0<o:p><\/o:p><\/span><span style=\"font-size: 14px;\" lang=\"ES\"><a href=\"http:\/\/www.bg.ac.rs\/\">Ivana Vu\u0107ina Simovi\u0107<\/a>\u00a0(<span lang=\"ES\">Universidad de Belgrado<\/span>);\u00a0<span><a href=\"https:\/\/zgodovina.ff.uni-lj.si\/en\/staff\/vita-veselko\">Vita Veselko<\/a> (Universidad de Liubliana)<\/span><\/span><\/p>\n<p>[\/et_pb_blurb][et_pb_blurb use_icon=&#8221;on&#8221; font_icon=&#8221;%%259%%&#8221; icon_color=&#8221;#0C71C3&#8243; icon_placement=&#8221;left&#8221; content_max_width=&#8221;1100px&#8221; _builder_version=&#8221;4.9.0&#8243; _module_preset=&#8221;default&#8221; module_alignment=&#8221;left&#8221; custom_padding=&#8221;||0px|||&#8221;]<\/p>\n<p><strong>Europa Oriental<\/strong><\/p>\n<p><a href=\"http:\/\/www.ysu.am\/persons\/en\/Hasmik-Baghdasaryan\">Hasmik Badhdasaryan<\/a>\u00a0<span>(Universidad Estatal Yerevan); Elena Belaziorova <\/span><a href=\"http:\/\/www.univ.kiev.ua\/\">Olena Bratel<\/a> (Universidad de Kiev);<a href=\"https:\/\/www%20.tsu.ge\/\">\u00a0Ana Gvelesiani<\/a> (Universidad Estatal de Tiflis); <a href=\"http:\/\/www.dnu.dp.ua\/\">Tetiana Hunko<\/a> (Universidad Nacional Oles Honchar Dnipro);\u00a0<span><a href=\"https:\/\/www.unav.edu\/web\/investigacion\/nuestros-investigadores\/detalle-investigadores-cv?investigadorId=148858&amp;investigador=Izquierdo+Alegria%2C+Damaso\">D\u00e1maso Izquierdo Alegr\u00eda<\/a>\u00a0(Universidad de Navarra)<\/span>;<a href=\"https:\/\/www%20.tsu.ge\/\">\u00a0Ketevan Khuskivadze<\/a> (Universidad Estatal de Tiflis); <a href=\"https:\/\/lka.edu.lv\/lv\/par-akademiju\/docetaji\/ana-leon-manzanero\/\">Ana Le\u00f3n-Manzanero<\/a> (Academia de Cultura en Latvia); Natalia Popova (Universidad de Kiev); Oleksandr Pronkevych (Universidad Nacional del Mar Negro Petro Mohyla); Gilberto Terente Fern\u00e1ndez (Embajada de Espa\u00f1a en Turqu\u00eda);\u00a0<a href=\"https:\/\/linguanet.ru\/en\/cooperation\/the-s-goncharenko-spanish-language-and-cultural-centre\/\">Lilia Vasilievna Moiseenko<\/a>\u00a0(Moscow State Linguistic University); Alla Zentchenko<\/p>\n<p><span style=\"font-size: 14px;\"><a href=\"https:\/\/online.uni-graz.at\/kfu_online\/visitenkarte.show_vcard?pPersonenId=E372E5D2D5F9AA50&amp;pPersonenGruppe=3\"><\/a><\/span><\/p>\n<p>[\/et_pb_blurb][et_pb_blurb use_icon=&#8221;on&#8221; font_icon=&#8221;%%259%%&#8221; icon_color=&#8221;#0C71C3&#8243; icon_placement=&#8221;left&#8221; content_max_width=&#8221;1100px&#8221; _builder_version=&#8221;4.9.0&#8243; _module_preset=&#8221;default&#8221; module_alignment=&#8221;left&#8221;]<\/p>\n<p><b>Francia<\/b><\/p>\n<p>\u00a0<a href=\"http:\/\/www.lairdil.fr\/marcelo-tano-658.html\">Marcelo Tano<\/a>\u00a0(Universidad de Lorena) (coord.);\u00a0<span><a href=\"http:\/\/www.lairdil.fr\/monica-alaez-galan-582.html\">M\u00f3nica Alaez-Gal\u00e1n;<\/a>\u00a0(Universit\u00e9 Paul Sabatier Toulouse 3); David Scheffler (Universidad de Heidelberg)<br \/><\/span><\/p>\n<p>[\/et_pb_blurb][et_pb_blurb use_icon=&#8221;on&#8221; font_icon=&#8221;%%259%%&#8221; icon_color=&#8221;#0C71C3&#8243; icon_placement=&#8221;left&#8221; content_max_width=&#8221;1100px&#8221; _builder_version=&#8221;4.9.0&#8243; _module_preset=&#8221;default&#8221; module_alignment=&#8221;left&#8221;]<\/p>\n<p><b>Italia<\/b><\/p>\n<p><a href=\"https:\/\/www.uninsubria.eu\/hpp\/maria-nieves.arribas-esteras\"><span><\/span><\/a><a href=\"https:\/\/www.unimi.it\/en\/ugov\/person\/milin-bonomi\">Milin Bonomi<\/a> (University of Milan) (coord.)<a href=\"https:\/\/www.uninsubria.eu\/hpp\/maria-nieves.arribas-esteras\">; Nieves Arribas Estera<\/a> (Universidad de Insubria);<span><\/span> <a href=\"https:\/\/www.unimi.it\/en\/ugov\/person\/maria-calvi\">Maria Vittoria Calvi<\/a>\u00a0(Universidad de Mil\u00e1n);\u00a0<span><\/span><a href=\"https:\/\/www.unimi.it\/en\/ugov\/person\/marcella-uberti-bona\">Marcella Uberti-Bona<\/a> (University of Milan)<\/p>\n<p><strong><\/strong><\/p>\n<p>[\/et_pb_blurb][et_pb_blurb use_icon=&#8221;on&#8221; font_icon=&#8221;%%259%%&#8221; icon_color=&#8221;#0C71C3&#8243; icon_placement=&#8221;left&#8221; content_max_width=&#8221;1100px&#8221; _builder_version=&#8221;4.9.0&#8243; _module_preset=&#8221;default&#8221; module_alignment=&#8221;left&#8221;]<\/p>\n<p><strong>Pa\u00edses n\u00f3rdicos<br \/><\/strong><\/p>\n<p><a href=\"https:\/\/www.gu.se\/en\/about\/find-staff\/lindaflores\">Linda Flores Ohlson<\/a>\u00a0(University of Gothenburg) (coord.); <a href=\"https:\/\/www.su.se\/english\/profiles\/mbernal-1.195296\">Mar\u00eda Bernal <\/a>(Universidad de Estocolmo);\u00a0<a href=\"https:\/\/english.hi.is\/staff\/erlaerl\">Erla Erlendsd\u00f3ttir\u00a0<\/a>(Universidad de Islandia);\u00a0<a href=\"https:\/\/pure.au.dk\/portal\/en\/persons\/susana-silvia-fernandez(b26db63e-aebc-4bfe-a939-6b6db24e1437).html\">Susana S. Fern\u00e1ndez<\/a>\u00a0(Universidad de Aarhus);\u00a0<span style=\"font-weight: 400;\"><a href=\"https:\/\/english.hi.is\/staff\/nfj\">Nuria Fr\u00edas Jim\u00e9nez<\/a> (University of Island);<\/span>\u00a0<a href=\"https:\/\/english.hi.is\/staff\/holmfr\">H\u00f3lmfridur Gardarsd\u00f3ttir\u00a0<\/a>(University of Iceland)<span style=\"font-weight: 400;\">; <\/span><a href=\"https:\/\/engerom.ku.dk\/english\/staff\/?pure=en\/persons\/381741\">Nieves Hern\u00e1ndez Flores; <\/a>(Universidad de Copenhague);\u00a0<a href=\"https:\/\/www.ub.uio.no\/om\/ansatte\/uhs\/uhsfagstudier\/jmaria\/\">Jos\u00e9 Mar\u00eda Izquierdo Paredes\u00a0<\/a>(Universidad de Olso);\u00a0<a href=\"https:\/\/pure.au.dk\/portal\/en\/persons\/jonathan-mastai-husum(f7d771ed-9b0c-42d5-bcec-2cd0dfba9b4c).html\">Jonathan M. Husum<\/a> (Aarhus University); Kati T\u00e4htinen<\/p>\n<p><strong><\/strong><\/p>\n<p>[\/et_pb_blurb][et_pb_blurb use_icon=&#8221;on&#8221; font_icon=&#8221;%%259%%&#8221; icon_color=&#8221;#0C71C3&#8243; icon_placement=&#8221;left&#8221; content_max_width=&#8221;1100px&#8221; _builder_version=&#8221;4.9.0&#8243; _module_preset=&#8221;default&#8221; module_alignment=&#8221;left&#8221;]<\/p>\n<p><b>Portugal<\/b><\/p>\n<p><a href=\"https:\/\/lisboa.academia.edu\/JOS%C3%89MARIASANTOSRovira\">Jos\u00e9 Mar\u00eda Santos Rovira<\/a> (University of Lisbon) (coord.); Celso Miguel Serrano Lucas (University of Lisbon)<\/p>\n<p>[\/et_pb_blurb][et_pb_blurb use_icon=&#8221;on&#8221; font_icon=&#8221;%%259%%&#8221; icon_color=&#8221;#0C71C3&#8243; icon_placement=&#8221;left&#8221; content_max_width=&#8221;1100px&#8221; _builder_version=&#8221;4.9.0&#8243; _module_preset=&#8221;default&#8221; module_alignment=&#8221;left&#8221;]<\/p>\n<p><strong>Reino Unido e Irlanda <\/strong><\/p>\n<p><a href=\"https:\/\/www.mod-langs.ox.ac.uk\/people\/javier-munoz-basols%20\">Javier Mu\u00f1oz-Basols<\/a> (University of Oxford) (coord.);\u00a0<a href=\"http:\/\/www.open.ac.uk\/people\/mfg76\">Mara Fuertes Guti\u00e9rrez<\/a> (The Open University), <a href=\"https:\/\/www.ed.ac.uk\/profile\/carlos-soler-montes\">Carlos Soler Montes<\/a> (The University of Edinburgh), <a href=\"https:\/\/www.ucc.ie\/en\/splas\/people\/peopleinfo\/craigneville\/\">Craig Neville<\/a> (University College Cork); <a href=\"https:\/\/www.dcu.ie\/salis\/people\/lucia-pintado-gutierrez\">Luc\u00eda Pintado Guti\u00e9rrez<\/a> (Dublin City University)<\/p>\n<p><strong><\/strong><\/p>\n<p>[\/et_pb_blurb][et_pb_blurb use_icon=&#8221;on&#8221; font_icon=&#8221;%%259%%&#8221; icon_color=&#8221;#0C71C3&#8243; icon_placement=&#8221;left&#8221; content_max_width=&#8221;1100px&#8221; _builder_version=&#8221;4.9.0&#8243; _module_preset=&#8221;default&#8221; module_alignment=&#8221;left&#8221;]<\/p>\n<p><strong>Suiza<\/strong><\/p>\n<p><a href=\"https:\/\/www.rose.uzh.ch\/de\/seminar\/wersindwir\/mitarbeitende\/kabatek.html\">Johannes Kabatek<\/a>\u00a0(Universidad de Z\u00farich) (coord.);\u00a0<span><a href=\"https:\/\/www.uni-heidelberg.de\/hcias\/people.html\">Charlotte Blattner<\/a> (Universidad de Heidelberg);\u00a0<\/span><span><a href=\"https:\/\/www.rose.uzh.ch\/de\/seminar\/wersindwir\/mitarbeitende\/defrance.html\">Charlotte de France<\/a> (Universidad de Z\u00farich);\u00a0<\/span><span><a href=\"https:\/\/www.uzh.ch\/cmsssl\/rose\/de\/seminar\/wersindwir\/mitarbeitende\/henriques-pestana.html\">Yoselin Henriques\u00a0<\/a>(Universidad de Z\u00farich)<br \/> <\/span><\/p>\n<p><span><a href=\"http:\/\/www.lairdil.fr\/monica-alaez-galan-582.html\"><\/a><\/span><\/p>\n<p>[\/et_pb_blurb][\/et_pb_column][\/et_pb_row][\/et_pb_section][et_pb_section fb_built=&#8221;1&#8243; _builder_version=&#8221;4.9.0&#8243; _module_preset=&#8221;default&#8221; background_color=&#8221;#000000&#8243;][et_pb_row _builder_version=&#8221;4.9.0&#8243; _module_preset=&#8221;default&#8221;][et_pb_column type=&#8221;4_4&#8243; _builder_version=&#8221;4.9.0&#8243; _module_preset=&#8221;default&#8221;][et_pb_text _builder_version=&#8221;4.9.0&#8243; _module_preset=&#8221;default&#8221;]<\/p>\n<p><span style=\"color: #ffffff;\">Contacto<\/span><\/p>\n<p><span style=\"color: #ffffff;\">Heidelberg Center for Ibero-American Studies<\/span><br \/> <span style=\"color: #ffffff;\">Brunnengasse 1<\/span><br \/> <span style=\"color: #ffffff;\">69117 Heidelberg<\/span><\/p>\n<p><span style=\"color: #ffffff;\">spanish@europa-hcias.de<\/span><\/p>\n<p>[\/et_pb_text][\/et_pb_column][\/et_pb_row][\/et_pb_section]<\/p>","protected":false},"excerpt":{"rendered":"<p>Research networkInternational network The project\u00a0The Spanish in Europe\u00a0is an international, interdisciplinary, and collaborative network integrated by 11 research teams distributed in 49 countries. More than 70 researchers collaborate in order to analyze the demolinguistic reality of Spanish in Europe and, for the first time, create a cuantitative description of the spaces of Spanish and Spanish-speakers [&hellip;]<\/p>","protected":false},"author":1,"featured_media":0,"parent":0,"menu_order":0,"comment_status":"closed","ping_status":"closed","template":"","meta":{"_et_pb_use_builder":"on","_et_pb_old_content":"","_et_gb_content_width":"","footnotes":""},"class_list":["post-94","page","type-page","status-publish","hentry"],"_links":{"self":[{"href":"https:\/\/europa-hcias.de\/es\/wp-json\/wp\/v2\/pages\/94","targetHints":{"allow":["GET"]}}],"collection":[{"href":"https:\/\/europa-hcias.de\/es\/wp-json\/wp\/v2\/pages"}],"about":[{"href":"https:\/\/europa-hcias.de\/es\/wp-json\/wp\/v2\/types\/page"}],"author":[{"embeddable":true,"href":"https:\/\/europa-hcias.de\/es\/wp-json\/wp\/v2\/users\/1"}],"replies":[{"embeddable":true,"href":"https:\/\/europa-hcias.de\/es\/wp-json\/wp\/v2\/comments?post=94"}],"version-history":[{"count":10,"href":"https:\/\/europa-hcias.de\/es\/wp-json\/wp\/v2\/pages\/94\/revisions"}],"predecessor-version":[{"id":632,"href":"https:\/\/europa-hcias.de\/es\/wp-json\/wp\/v2\/pages\/94\/revisions\/632"}],"wp:attachment":[{"href":"https:\/\/europa-hcias.de\/es\/wp-json\/wp\/v2\/media?parent=94"}],"curies":[{"name":"wp","href":"https:\/\/api.w.org\/{rel}","templated":true}]}}